{"id":5919,"date":"2025-03-26T16:07:12","date_gmt":"2025-03-26T16:07:12","guid":{"rendered":"https:\/\/shop.online-fileservice.com\/?page_id=5919"},"modified":"2025-04-21T09:19:35","modified_gmt":"2025-04-21T09:19:35","slug":"footer-1","status":"publish","type":"page","link":"https:\/\/shop.online-fileservice.com\/?page_id=5919","title":{"rendered":"Impressum"},"content":{"rendered":"\t\t<div data-elementor-type=\"wp-page\" data-elementor-id=\"5919\" class=\"elementor elementor-5919\" data-elementor-post-type=\"page\">\n\t\t\t\t<div class=\"elementor-element elementor-element-1a23450 e-flex e-con-boxed e-con e-parent\" data-id=\"1a23450\" data-element_type=\"container\">\n\t\t\t\t\t<div class=\"e-con-inner\">\n\t\t\t\t<div class=\"elementor-element elementor-element-8370bfc elementor-widget elementor-widget-text-editor\" data-id=\"8370bfc\" data-element_type=\"widget\" data-widget_type=\"text-editor.default\">\n\t\t\t\t<div class=\"elementor-widget-container\">\n\t\t\t\t\t\t\t\t\t<p>F\u00fcr den Inhalt verantwortlich<\/p><p><br \/>Halsmayr Tuning <br \/>Rudolf Halsmayr <br \/>Am Klingelgraben 13 <br \/>A-4553 Schlierbach<\/p><p>Tel.: <a href=\"tel:+43 664\/1400702\">+43 664\/1400702<\/a> <br \/>E-Mail: <a href=\"mailto:info@online-fileservice.com\">info@online-fileservice.com<\/a> <br \/>UID-Nr.: ATU77592525<\/p><p>Informationspflicht gem. ECG<\/p><p>Die Inhalte auf den Internetseiten der Firma Halsmayr Tuning dienen ausschlie\u00dflich zu Informationszwecken. Trotz sorgf\u00e4ltiger Pr\u00fcfung und regelm\u00e4\u00dfiger Aktualisierung kann keine Haftung \u00fcbernommen werden. <br \/>Des Weiteren \u00fcbernimmt die Firma Halsmayr Tuning keine Verantwortung f\u00fcr den Inhalt von Internetseiten, auf die mittels eines Links verwiesen wird. <br \/>Auf einigen Seiten wird Google Site Stats verwendet, dies dient ausschlie\u00dflich zu Informationszwecken und es werden keine personenbezogenen Daten gespeichert.<\/p>\t\t\t\t\t\t\t\t<\/div>\n\t\t\t\t<\/div>\n\t\t\t\t\t<\/div>\n\t\t\t\t<\/div>\n\t\t<div class=\"elementor-element elementor-element-ea9ebe4 e-flex e-con-boxed e-con e-parent\" data-id=\"ea9ebe4\" data-element_type=\"container\">\n\t\t\t\t\t<div class=\"e-con-inner\">\n\t\t\t\t\t<\/div>\n\t\t\t\t<\/div>\n\t\t\t\t<\/div>\n\t\t","protected":false},"excerpt":{"rendered":"<p>F\u00fcr den Inhalt verantwortlich Halsmayr Tuning Rudolf Halsmayr Am Klingelgraben 13 A-4553 Schlierbach Tel.: +43 664\/1400702 E-Mail: info@online-fileservice.com UID-Nr.: ATU77592525 Informationspflicht gem. ECG Die Inhalte auf den Internetseiten der Firma Halsmayr Tuning dienen ausschlie\u00dflich zu Informationszwecken. Trotz sorgf\u00e4ltiger Pr\u00fcfung und regelm\u00e4\u00dfiger Aktualisierung kann keine Haftung \u00fcbernommen werden. Des Weiteren \u00fcbernimmt die Firma Halsmayr Tuning keine [&hellip;]<\/p>\n","protected":false},"author":3,"featured_media":0,"parent":0,"menu_order":0,"comment_status":"closed","ping_status":"closed","template":"","meta":{"footnotes":""},"class_list":["post-5919","page","type-page","status-publish","hentry"],"_links":{"self":[{"href":"https:\/\/shop.online-fileservice.com\/index.php?rest_route=\/wp\/v2\/pages\/5919","targetHints":{"allow":["GET"]}}],"collection":[{"href":"https:\/\/shop.online-fileservice.com\/index.php?rest_route=\/wp\/v2\/pages"}],"about":[{"href":"https:\/\/shop.online-fileservice.com\/index.php?rest_route=\/wp\/v2\/types\/page"}],"author":[{"embeddable":true,"href":"https:\/\/shop.online-fileservice.com\/index.php?rest_route=\/wp\/v2\/users\/3"}],"replies":[{"embeddable":true,"href":"https:\/\/shop.online-fileservice.com\/index.php?rest_route=%2Fwp%2Fv2%2Fcomments&post=5919"}],"version-history":[{"count":13,"href":"https:\/\/shop.online-fileservice.com\/index.php?rest_route=\/wp\/v2\/pages\/5919\/revisions"}],"predecessor-version":[{"id":5968,"href":"https:\/\/shop.online-fileservice.com\/index.php?rest_route=\/wp\/v2\/pages\/5919\/revisions\/5968"}],"wp:attachment":[{"href":"https:\/\/shop.online-fileservice.com\/index.php?rest_route=%2Fwp%2Fv2%2Fmedia&parent=5919"}],"curies":[{"name":"wp","href":"https:\/\/api.w.org\/{rel}","templated":true}]}}