{"id":274,"date":"2022-03-03T15:28:56","date_gmt":"2022-03-03T08:28:56","guid":{"rendered":"https:\/\/shop.online-fileservice.com\/?post_type=product&#038;p=274"},"modified":"2025-02-25T08:13:51","modified_gmt":"2025-02-25T08:13:51","slug":"road-and-track-suspension-sf101","status":"publish","type":"product","link":"https:\/\/shop.online-fileservice.com\/?product=road-and-track-suspension-sf101","title":{"rendered":"GYSFLASH 100.12 HF"},"content":{"rendered":"<ul>\n<li>Batteriehalterung: unterst\u00fctzt die 12V-Autobatterie (Fl\u00fcssigkeit oder Gel) w\u00e4hrend der Diagnosearbeiten<\/li>\n<li>Fortgeschrittenes Batterieladeger\u00e4t: gew\u00e4hrleistet einen idealen Ladezyklus f\u00fcr die Batteriewartung f\u00fcr die meisten modernen Fahrzeuge<\/li>\n<li>Showroom-Modus: unterst\u00fctzt die Batterien in Showroom-Fahrzeugen<\/li>\n<li>Im &#8220;Batteriewechsel&#8221;-Modus wird die Stromversorgung aufrechterhalten, um die Speichereinstellungen des Fahrzeugs zu erhalten<\/li>\n<li>Stabilisierte Stromversorgung mit hoher Leistung: Spannung und Stromst\u00e4rke einstellbar<\/li>\n<\/ul>\n<p>&nbsp;<\/p>\n<p><strong>Wichtigste Merkmale:<\/strong><\/p>\n<ul>\n<li>Nur mit 220-240 V AC kompatibel<\/li>\n<li>inklusive 0.5m Kabel<\/li>\n<li>Automtisches Neustarten<\/li>\n<li>Kabelkontrolle und Kalibierung<\/li>\n<li>Sperre im Showroom Modus<\/li>\n<li>M\u00f6glichkeit des vereinfachtes Laden im &#8221;Easy-Modus&#8221;<\/li>\n<li>Aktivieren und konfigurieren einer &#8221;Experten&#8221; Ladekurve<\/li>\n<li>Automatische SOS-Wiederherstellung f\u00fcr sulfatierte Batterien<\/li>\n<\/ul>\n","protected":false},"excerpt":{"rendered":"<h3 class=\"product-name\">GYSFLASH 100.12 HF &#8211; 12V &#8211; 100A (5m Kabel)<\/h3>\n<ul class=\"ul-style check\">\n<li>Tool: 12V Ladeger\u00e4t<\/li>\n<li>220-240 V AC<\/li>\n<li>100% natural<\/li>\n<\/ul>\n","protected":false},"featured_media":5139,"comment_status":"open","ping_status":"closed","template":"","meta":[],"product_brand":[],"product_cat":[230,218],"product_tag":[],"class_list":{"0":"post-274","1":"product","2":"type-product","3":"status-publish","4":"has-post-thumbnail","6":"product_cat-charger","7":"product_cat-zubehoer","8":"ts_product_brand-ladegeraet","10":"first","11":"instock","12":"sale","13":"featured","14":"taxable","15":"shipping-taxable","16":"purchasable","17":"product-type-simple","18":"add-to-wishlist-after_add_to_cart"},"_links":{"self":[{"href":"https:\/\/shop.online-fileservice.com\/index.php?rest_route=\/wp\/v2\/product\/274","targetHints":{"allow":["GET"]}}],"collection":[{"href":"https:\/\/shop.online-fileservice.com\/index.php?rest_route=\/wp\/v2\/product"}],"about":[{"href":"https:\/\/shop.online-fileservice.com\/index.php?rest_route=\/wp\/v2\/types\/product"}],"replies":[{"embeddable":true,"href":"https:\/\/shop.online-fileservice.com\/index.php?rest_route=%2Fwp%2Fv2%2Fcomments&post=274"}],"wp:featuredmedia":[{"embeddable":true,"href":"https:\/\/shop.online-fileservice.com\/index.php?rest_route=\/wp\/v2\/media\/5139"}],"wp:attachment":[{"href":"https:\/\/shop.online-fileservice.com\/index.php?rest_route=%2Fwp%2Fv2%2Fmedia&parent=274"}],"wp:term":[{"taxonomy":"product_brand","embeddable":true,"href":"https:\/\/shop.online-fileservice.com\/index.php?rest_route=%2Fwp%2Fv2%2Fproduct_brand&post=274"},{"taxonomy":"product_cat","embeddable":true,"href":"https:\/\/shop.online-fileservice.com\/index.php?rest_route=%2Fwp%2Fv2%2Fproduct_cat&post=274"},{"taxonomy":"product_tag","embeddable":true,"href":"https:\/\/shop.online-fileservice.com\/index.php?rest_route=%2Fwp%2Fv2%2Fproduct_tag&post=274"}],"curies":[{"name":"wp","href":"https:\/\/api.w.org\/{rel}","templated":true}]}}