{"id":296,"date":"2022-03-03T15:53:15","date_gmt":"2022-03-03T08:53:15","guid":{"rendered":"https:\/\/shop.online-fileservice.com\/?post_type=product&#038;p=296"},"modified":"2025-03-01T00:08:37","modified_gmt":"2025-03-01T00:08:37","slug":"car-seats-s134","status":"publish","type":"product","link":"https:\/\/shop.online-fileservice.com\/?product=car-seats-s134","title":{"rendered":"Autotuner Slave"},"content":{"rendered":"<h2><strong>Autotuner Tool, ein Chiptuning Werkzeug der neuesten Technologie<\/strong><\/h2>\n<p>Das Autotuner Flash Tool ist Ihre L\u00f6sung f\u00fcr alle Flashverfahren (OBD, Bench und Boot).<br \/>\nAusgestattet mit modernster Technologie und zahlreichen Funktionen, bietet es alles, was professionelle Tuner ben\u00f6tigen.<br \/>\nEine strukturierte Men\u00fcf\u00fchrung sorgt f\u00fcr eine klare \u00dcbersicht und erleichtert den Zugriff auf ben\u00f6tigte Pinouts oder andere Hilfsanleitungen.<\/p>\n<p><strong>Ausstattung und Funktionen:<\/strong><\/p>\n<ul>\n<li><strong>OBD \/ Bench \/ Boot Flashverfahren:<\/strong> Flexibles und effizientes Flashen von Steuerger\u00e4ten.<\/li>\n<li><strong>Fehlercode-Lesefunktion:<\/strong> Einfaches Auslesen und Analysieren von Fehlercodes.<\/li>\n<li><strong>Datenlog-Funktion:<\/strong> Pr\u00e4zises Aufzeichnen und Analysieren von Fahrzeugdaten.<\/li>\n<li><strong>Pr\u00fcfsummen<\/strong> werden automatisch berechnet<\/li>\n<li><strong>Kostenlose Update<\/strong><\/li>\n<li><strong>Unterst\u00fctze Fahrzeugliste<\/strong>\u00a0 <a href=\"https:\/\/www.autotuner.com\/de\/pages\/compatibility\" target=\"_blank\" rel=\"noopener\">Kompatibilit\u00e4tsliste<\/a><\/li>\n<\/ul>\n<p><strong>Lieferinhalt<\/strong><\/p>\n<ul>\n<li>Autotuner-Tool Slave<\/li>\n<li>USB-Stick mit Software-Link<\/li>\n<li>Universalkabel f\u00fcr EDC16+MEx9<\/li>\n<li>OBD2 Kabel<\/li>\n<li>USB Kabel<\/li>\n<li>Stromversorgung<\/li>\n<li>Sondenpositionierungsset<\/li>\n<li>BGA-MCU-Haken<\/li>\n<li>Bananenkabel<\/li>\n<li>Sto\u00dffester Koffer<\/li>\n<\/ul>\n<p>&nbsp;<\/p>\n<p>&nbsp;<\/p>\n","protected":false},"excerpt":{"rendered":"<h3><strong>freie Masterwahl<\/strong><\/h3>\n<ul>\n<li>Tool: <strong>Slave<br \/>\n<\/strong><\/li>\n<li>OBD \/ BENCH \/ Boot<\/li>\n<li>Nummer: SL2024AT<\/li>\n<\/ul>\n","protected":false},"featured_media":5158,"comment_status":"closed","ping_status":"closed","template":"","meta":[],"product_brand":[],"product_cat":[232,66],"product_tag":[213,215,235],"class_list":{"0":"post-296","1":"product","2":"type-product","3":"status-publish","4":"has-post-thumbnail","6":"product_cat-autotunner","7":"product_cat-tuningtools","8":"product_tag-autotuner","9":"product_tag-autotuner-slave","10":"product_tag-slave","11":"product_shipping_class-packet-gross","13":"first","14":"instock","15":"sale","16":"taxable","17":"shipping-taxable","18":"purchasable","19":"product-type-simple","20":"add-to-wishlist-after_add_to_cart"},"_links":{"self":[{"href":"https:\/\/shop.online-fileservice.com\/index.php?rest_route=\/wp\/v2\/product\/296","targetHints":{"allow":["GET"]}}],"collection":[{"href":"https:\/\/shop.online-fileservice.com\/index.php?rest_route=\/wp\/v2\/product"}],"about":[{"href":"https:\/\/shop.online-fileservice.com\/index.php?rest_route=\/wp\/v2\/types\/product"}],"replies":[{"embeddable":true,"href":"https:\/\/shop.online-fileservice.com\/index.php?rest_route=%2Fwp%2Fv2%2Fcomments&post=296"}],"wp:featuredmedia":[{"embeddable":true,"href":"https:\/\/shop.online-fileservice.com\/index.php?rest_route=\/wp\/v2\/media\/5158"}],"wp:attachment":[{"href":"https:\/\/shop.online-fileservice.com\/index.php?rest_route=%2Fwp%2Fv2%2Fmedia&parent=296"}],"wp:term":[{"taxonomy":"product_brand","embeddable":true,"href":"https:\/\/shop.online-fileservice.com\/index.php?rest_route=%2Fwp%2Fv2%2Fproduct_brand&post=296"},{"taxonomy":"product_cat","embeddable":true,"href":"https:\/\/shop.online-fileservice.com\/index.php?rest_route=%2Fwp%2Fv2%2Fproduct_cat&post=296"},{"taxonomy":"product_tag","embeddable":true,"href":"https:\/\/shop.online-fileservice.com\/index.php?rest_route=%2Fwp%2Fv2%2Fproduct_tag&post=296"}],"curies":[{"name":"wp","href":"https:\/\/api.w.org\/{rel}","templated":true}]}}