{"id":5163,"date":"2025-02-02T21:16:57","date_gmt":"2025-02-02T21:16:57","guid":{"rendered":"https:\/\/shop.online-fileservice.com\/?post_type=product&#038;p=5163"},"modified":"2025-02-28T23:58:41","modified_gmt":"2025-02-28T23:58:41","slug":"autotuner-slave-starter-packet","status":"publish","type":"product","link":"https:\/\/shop.online-fileservice.com\/?product=autotuner-slave-starter-packet","title":{"rendered":"Autotuner Tool Starter Set"},"content":{"rendered":"<div class=\"col s12 m6 l6 push-m6 push-l6\">\n<div>\n<h4><strong>Autotuner Flash Tool \u2013 Fortschrittliche Technologie f\u00fcr Chiptuning<br \/>\n<\/strong><\/h4>\n<p>Das Autotuner Flash Tool ist Ihre L\u00f6sung f\u00fcr alle Flashverfahren (OBD, Bench und Boot).<br \/>\nAusgestattet mit modernster Technologie und zahlreichen Funktionen, bietet es alles, was professionelle Tuner ben\u00f6tigen.<br \/>\nEine strukturierte Men\u00fcf\u00fchrung sorgt f\u00fcr eine klare \u00dcbersicht und erleichtert den Zugriff auf ben\u00f6tigte Pinouts oder andere Hilfsanleitungen<\/p>\n<\/div>\n<\/div>\n<div class=\"row-2-columns\">\n<p><strong>Ausstattung und Funktionen:<\/strong><\/p>\n<ul>\n<li><strong>OBD \/ Bench \/ Boot Flashverfahren:<\/strong>\u00a0Flexibles und effizientes Flashen von Steuerger\u00e4ten.<\/li>\n<li><strong>Fehlercode-Lesefunktion:<\/strong>\u00a0Einfaches Auslesen und Analysieren von Fehlercodes.<\/li>\n<li><strong>Datenlog-Funktion:<\/strong>\u00a0Pr\u00e4zises Aufzeichnen und Analysieren von Fahrzeugdaten.<\/li>\n<li><strong>Pr\u00fcfsummen<\/strong>\u00a0werden automatisch berechnet<\/li>\n<li><strong>Kostenlose Update<\/strong><\/li>\n<li><strong>Unterst\u00fctze Fahrzeugliste<\/strong>\u00a0\u00a0<a href=\"https:\/\/www.autotuner.com\/de\/pages\/compatibility\" target=\"_blank\" rel=\"noopener\">Kompatibilit\u00e4tsliste<\/a><\/li>\n<\/ul>\n<p>&nbsp;<\/p>\n<ul>\n<li><strong>Lenovo Thinkpad 14&#8243;<\/strong>\u00a0 1 Jahr Garantie<\/li>\n<li><strong>Arbeitsspeiche<\/strong>r 8GB<\/li>\n<li><strong>Festplatte<\/strong> 256GB<\/li>\n<li><strong>Betriebssystem<\/strong> Windows<\/li>\n<\/ul>\n<\/div>\n","protected":false},"excerpt":{"rendered":"<h4><span style=\"color: #ff0000;\"><span style=\"color: #000000;\">Chiptuning Starterpacket<\/span><br \/>\n<\/span><\/h4>\n<ul>\n<li>Autotuner Slave<strong><br \/>\n<\/strong><\/li>\n<li>Part Number: A123-3416<\/li>\n<li>Artikel kein Master Wechel m\u00f6glich<\/li>\n<\/ul>\n","protected":false},"featured_media":5170,"comment_status":"closed","ping_status":"closed","template":"","meta":[],"product_brand":[],"product_cat":[232,66],"product_tag":[213,215,212],"class_list":{"0":"post-5163","1":"product","2":"type-product","3":"status-publish","4":"has-post-thumbnail","6":"product_cat-autotunner","7":"product_cat-tuningtools","8":"product_tag-autotuner","9":"product_tag-autotuner-slave","10":"product_tag-tuning-tool","11":"product_shipping_class-packet-gross","12":"ts_product_brand-autotuner","14":"first","15":"instock","16":"sale","17":"featured","18":"taxable","19":"shipping-taxable","20":"purchasable","21":"product-type-simple","22":"add-to-wishlist-after_add_to_cart"},"_links":{"self":[{"href":"https:\/\/shop.online-fileservice.com\/index.php?rest_route=\/wp\/v2\/product\/5163","targetHints":{"allow":["GET"]}}],"collection":[{"href":"https:\/\/shop.online-fileservice.com\/index.php?rest_route=\/wp\/v2\/product"}],"about":[{"href":"https:\/\/shop.online-fileservice.com\/index.php?rest_route=\/wp\/v2\/types\/product"}],"replies":[{"embeddable":true,"href":"https:\/\/shop.online-fileservice.com\/index.php?rest_route=%2Fwp%2Fv2%2Fcomments&post=5163"}],"wp:featuredmedia":[{"embeddable":true,"href":"https:\/\/shop.online-fileservice.com\/index.php?rest_route=\/wp\/v2\/media\/5170"}],"wp:attachment":[{"href":"https:\/\/shop.online-fileservice.com\/index.php?rest_route=%2Fwp%2Fv2%2Fmedia&parent=5163"}],"wp:term":[{"taxonomy":"product_brand","embeddable":true,"href":"https:\/\/shop.online-fileservice.com\/index.php?rest_route=%2Fwp%2Fv2%2Fproduct_brand&post=5163"},{"taxonomy":"product_cat","embeddable":true,"href":"https:\/\/shop.online-fileservice.com\/index.php?rest_route=%2Fwp%2Fv2%2Fproduct_cat&post=5163"},{"taxonomy":"product_tag","embeddable":true,"href":"https:\/\/shop.online-fileservice.com\/index.php?rest_route=%2Fwp%2Fv2%2Fproduct_tag&post=5163"}],"curies":[{"name":"wp","href":"https:\/\/api.w.org\/{rel}","templated":true}]}}