{"id":5477,"date":"2025-02-17T12:17:17","date_gmt":"2025-02-17T12:17:17","guid":{"rendered":"https:\/\/shop.online-fileservice.com\/?post_type=product&#038;p=5477"},"modified":"2025-05-02T13:16:26","modified_gmt":"2025-05-02T13:16:26","slug":"kess-v3-slave-car-obdbench-kopie","status":"publish","type":"product","link":"https:\/\/shop.online-fileservice.com\/?product=kess-v3-slave-car-obdbench-kopie","title":{"rendered":"Kess V3 Slave Car OBD+Bench"},"content":{"rendered":"<h4><strong>Alientech KessV3 mit der Freischaltung ,<\/strong><\/h4>\n<ul>\n<li>KESS3SA001 \u2014 Car \u2013 LCV OBD Protocols activation<\/li>\n<li>KESS3MA005 \u2014 Car \u2013 LCV Bench-Boot Protocols activation<\/li>\n<\/ul>\n<p>Das KessV3 kann jederzeit mit zus\u00e4tzlichen Plugins erweitert werden.<br \/>\nUm stets auf dem neuesten Stand zu bleiben, ist f\u00fcr das Ger\u00e4t ein j\u00e4hrliches Abonnement erforderlich<br \/>\nEine strukturierte Men\u00fcf\u00fchrung sorgt f\u00fcr eine klare \u00dcbersicht und erleichtert den Zugriff auf ben\u00f6tigte Pinout oder andere Hilfsanleitungen<\/p>\n<p><strong>Lieferinhalt<\/strong><\/p>\n<ul>\n<li><strong>KESS3<\/strong>-Hardware<\/li>\n<li><strong>Freischaltung<\/strong> Car OBD &amp; Car Bench<\/li>\n<li><strong>USB<\/strong> Kabel<\/li>\n<li><strong>OBD2<\/strong> Kabel<\/li>\n<li><strong>1400SWALIM<\/strong> Netzteil<\/li>\n<li><strong>Koffer<\/strong> Hartschalle<\/li>\n<li><strong>144300KBNC<\/strong> Kabel zur Kommunikation mit den Steuerger\u00e4ten<\/li>\n<li><strong>144300 KTER<\/strong> Paket das alle f\u00fcr den Anschluss im BENCH- oder BOOT<\/li>\n<li><strong>144300T104<\/strong> Rainbow-Kabel IDC 26-10, bestehend aus 10 Dr\u00e4hten<\/li>\n<li><strong>144300T105<\/strong> Rainbow-Kabel IDC 26-16, bestehend aus 16 Dr\u00e4hten<\/li>\n<li><strong>144300T106<\/strong> Rainbow-Kabel IDC 26-26, bestehend aus 26 Dr\u00e4hten<\/li>\n<\/ul>\n<p>&nbsp;<\/p>\n","protected":false},"excerpt":{"rendered":"<p>PKW OBD und Bench Protokoll<\/p>\n<ul class=\"ul-style check\">\n<li>Tool: <strong>Slave<\/strong><\/li>\n<li>Car Obd &amp; Car Bench<\/li>\n<li>Nummer:MA2024KE<\/li>\n<\/ul>\n","protected":false},"featured_media":5153,"comment_status":"closed","ping_status":"closed","template":"","meta":[],"product_brand":[],"product_cat":[228,251,252,66],"product_tag":[216,236,235],"class_list":{"0":"post-5477","1":"product","2":"type-product","3":"status-publish","4":"has-post-thumbnail","6":"product_cat-alientech","7":"product_cat-test-cat","8":"product_cat-test-child","9":"product_cat-tuningtools","10":"product_tag-alientech-kessv3chiptuningobd-tuning","11":"product_tag-kess","12":"product_tag-slave","13":"product_shipping_class-packet-gross","15":"first","16":"instock","17":"featured","18":"taxable","19":"shipping-taxable","20":"purchasable","21":"product-type-simple","22":"add-to-wishlist-after_add_to_cart"},"_links":{"self":[{"href":"https:\/\/shop.online-fileservice.com\/index.php?rest_route=\/wp\/v2\/product\/5477","targetHints":{"allow":["GET"]}}],"collection":[{"href":"https:\/\/shop.online-fileservice.com\/index.php?rest_route=\/wp\/v2\/product"}],"about":[{"href":"https:\/\/shop.online-fileservice.com\/index.php?rest_route=\/wp\/v2\/types\/product"}],"replies":[{"embeddable":true,"href":"https:\/\/shop.online-fileservice.com\/index.php?rest_route=%2Fwp%2Fv2%2Fcomments&post=5477"}],"wp:featuredmedia":[{"embeddable":true,"href":"https:\/\/shop.online-fileservice.com\/index.php?rest_route=\/wp\/v2\/media\/5153"}],"wp:attachment":[{"href":"https:\/\/shop.online-fileservice.com\/index.php?rest_route=%2Fwp%2Fv2%2Fmedia&parent=5477"}],"wp:term":[{"taxonomy":"product_brand","embeddable":true,"href":"https:\/\/shop.online-fileservice.com\/index.php?rest_route=%2Fwp%2Fv2%2Fproduct_brand&post=5477"},{"taxonomy":"product_cat","embeddable":true,"href":"https:\/\/shop.online-fileservice.com\/index.php?rest_route=%2Fwp%2Fv2%2Fproduct_cat&post=5477"},{"taxonomy":"product_tag","embeddable":true,"href":"https:\/\/shop.online-fileservice.com\/index.php?rest_route=%2Fwp%2Fv2%2Fproduct_tag&post=5477"}],"curies":[{"name":"wp","href":"https:\/\/api.w.org\/{rel}","templated":true}]}}